{"id":969,"date":"2023-05-23T22:37:06","date_gmt":"2023-05-23T22:37:06","guid":{"rendered":"https:\/\/www.mklab.pe\/?page_id=969"},"modified":"2026-04-06T20:53:53","modified_gmt":"2026-04-06T20:53:53","slug":"farmacovigilancia-y-tecnovigilancia","status":"publish","type":"page","link":"https:\/\/www.mklab.pe\/en\/farmacovigilancia-y-tecnovigilancia\/","title":{"rendered":"Pharmacovigilance and Tecnovigilancia"},"content":{"rendered":"<div data-elementor-type=\"wp-page\" data-elementor-id=\"969\" class=\"elementor elementor-969\">\n\t\t\t\t\t\t<section class=\"elementor-section elementor-top-section elementor-element elementor-element-8a577a6 elementor-section-height-min-height elementor-section-items-stretch elementor-section-content-middle elementor-section-full_width elementor-section-height-default\" data-id=\"8a577a6\" data-element_type=\"section\" data-settings=\"{&quot;background_background&quot;:&quot;classic&quot;}\">\n\t\t\t\t\t\t<div class=\"elementor-container elementor-column-gap-default\">\n\t\t\t\t\t<div class=\"elementor-column elementor-col-50 elementor-top-column elementor-element elementor-element-e096ad7\" data-id=\"e096ad7\" data-element_type=\"column\">\n\t\t\t<div class=\"elementor-widget-wrap elementor-element-populated\">\n\t\t\t\t\t\t<div class=\"elementor-element elementor-element-2db7fc8 elementor-invisible elementor-widget elementor-widget-image\" data-id=\"2db7fc8\" data-element_type=\"widget\" data-settings=\"{&quot;_animation&quot;:&quot;fadeInLeft&quot;,&quot;_animation_mobile&quot;:&quot;none&quot;}\" data-widget_type=\"image.default\">\n\t\t\t\t<div class=\"elementor-widget-container\">\n\t\t\t<style>\/*! elementor - v3.19.0 - 07-02-2024 *\/\n.elementor-widget-image{text-align:center}.elementor-widget-image a{display:inline-block}.elementor-widget-image a img[src$=\".svg\"]{width:48px}.elementor-widget-image img{vertical-align:middle;display:inline-block}<\/style>\t\t\t\t\t\t\t\t\t\t<img fetchpriority=\"high\" decoding=\"async\" width=\"948\" height=\"603\" src=\"https:\/\/www.mklab.pe\/wp-content\/uploads\/2023\/06\/farmacia.png\" class=\"attachment-full size-full wp-image-1152\" alt=\"\" srcset=\"https:\/\/www.mklab.pe\/wp-content\/uploads\/2023\/06\/farmacia.png 948w, https:\/\/www.mklab.pe\/wp-content\/uploads\/2023\/06\/farmacia-300x191.png 300w, https:\/\/www.mklab.pe\/wp-content\/uploads\/2023\/06\/farmacia-768x489.png 768w, https:\/\/www.mklab.pe\/wp-content\/uploads\/2023\/06\/farmacia-600x382.png 600w\" sizes=\"(max-width: 948px) 100vw, 948px\" \/>\t\t\t\t\t\t\t\t\t\t\t\t\t<\/div>\n\t\t\t\t<\/div>\n\t\t\t\t\t<\/div>\n\t\t<\/div>\n\t\t\t\t<div class=\"elementor-column elementor-col-50 elementor-top-column elementor-element elementor-element-17d4b3b\" data-id=\"17d4b3b\" data-element_type=\"column\">\n\t\t\t<div class=\"elementor-widget-wrap elementor-element-populated\">\n\t\t\t\t\t\t<div class=\"elementor-element elementor-element-33dca98 elementor-widget elementor-widget-heading\" data-id=\"33dca98\" data-element_type=\"widget\" data-widget_type=\"heading.default\">\n\t\t\t\t<div class=\"elementor-widget-container\">\n\t\t\t<style>\/*! elementor - v3.19.0 - 07-02-2024 *\/\n.elementor-heading-title{padding:0;margin:0;line-height:1}.elementor-widget-heading .elementor-heading-title[class*=elementor-size-]>a{color:inherit;font-size:inherit;line-height:inherit}.elementor-widget-heading .elementor-heading-title.elementor-size-small{font-size:15px}.elementor-widget-heading .elementor-heading-title.elementor-size-medium{font-size:19px}.elementor-widget-heading .elementor-heading-title.elementor-size-large{font-size:29px}.elementor-widget-heading .elementor-heading-title.elementor-size-xl{font-size:39px}.elementor-widget-heading .elementor-heading-title.elementor-size-xxl{font-size:59px}<\/style><h1 class=\"elementor-heading-title elementor-size-default\">Pharmacovigilance and Tecnovigilancia<\/h1>\t\t<\/div>\n\t\t\t\t<\/div>\n\t\t\t\t<div class=\"elementor-element elementor-element-e0829db elementor-widget elementor-widget-heading\" data-id=\"e0829db\" data-element_type=\"widget\" data-widget_type=\"heading.default\">\n\t\t\t\t<div class=\"elementor-widget-container\">\n\t\t\t<h2 class=\"elementor-heading-title elementor-size-default\">In <b>MK LAB S. A. C<\/b>. the safety of the customers is the most important.<\/h2>\t\t<\/div>\n\t\t\t\t<\/div>\n\t\t\t\t<div class=\"elementor-element elementor-element-b5ef5cc elementor-widget elementor-widget-text-editor\" data-id=\"b5ef5cc\" data-element_type=\"widget\" data-widget_type=\"text-editor.default\">\n\t\t\t\t<div class=\"elementor-widget-container\">\n\t\t\t<style>\/*! elementor - v3.19.0 - 07-02-2024 *\/\n.elementor-widget-text-editor.elementor-drop-cap-view-stacked .elementor-drop-cap{background-color:#69727d;color:#fff}.elementor-widget-text-editor.elementor-drop-cap-view-framed .elementor-drop-cap{color:#69727d;border:3px solid;background-color:transparent}.elementor-widget-text-editor:not(.elementor-drop-cap-view-default) .elementor-drop-cap{margin-top:8px}.elementor-widget-text-editor:not(.elementor-drop-cap-view-default) .elementor-drop-cap-letter{width:1em;height:1em}.elementor-widget-text-editor .elementor-drop-cap{float:left;text-align:center;line-height:1;font-size:50px}.elementor-widget-text-editor .elementor-drop-cap-letter{display:inline-block}<\/style>\t\t\t\t<p>Activities related to the detection, evaluation, understanding and prevention of adverse effects of medicines or any other possible problems related to them.<\/p>\t\t\t\t\t\t<\/div>\n\t\t\t\t<\/div>\n\t\t\t\t<div class=\"elementor-element elementor-element-9b7c2f3 elementor-widget elementor-widget-text-editor\" data-id=\"9b7c2f3\" data-element_type=\"widget\" data-widget_type=\"text-editor.default\">\n\t\t\t\t<div class=\"elementor-widget-container\">\n\t\t\t\t\t\t\t<p style=\"text-align: center;\"><b>For any query write to:<br \/><\/b><\/p><div style=\"background-color: #1668aa; color: white; border-radius: 5px; max-width: 50%;\"><h4 style=\"text-align: center;\"><a style=\"margin-top: 4px; color: white;\" href=\"https:\/\/www.mklab.pe\/en\/contactos\/\">Contacto<br \/><\/a><\/h4><\/div>\t\t\t\t\t\t<\/div>\n\t\t\t\t<\/div>\n\t\t\t\t<div class=\"elementor-element elementor-element-6620e27 elementor-widget elementor-widget-text-editor\" data-id=\"6620e27\" data-element_type=\"widget\" data-widget_type=\"text-editor.default\">\n\t\t\t\t<div class=\"elementor-widget-container\">\n\t\t\t\t\t\t\t<p><b>To report any adverse event write to: <br \/><\/b>\u2022 farmacovigilancia@mklab.pe \/ +51997344301<\/p>\t\t\t\t\t\t<\/div>\n\t\t\t\t<\/div>\n\t\t\t\t\t<\/div>\n\t\t<\/div>\n\t\t\t\t\t<\/div>\n\t\t<\/section>\n\t\t\t\t<section class=\"elementor-section elementor-top-section elementor-element elementor-element-909f93f elementor-section-full_width elementor-section-height-default elementor-section-height-default\" data-id=\"909f93f\" data-element_type=\"section\">\n\t\t\t\t\t\t<div class=\"elementor-container elementor-column-gap-default\">\n\t\t\t\t\t<div class=\"elementor-column elementor-col-100 elementor-top-column elementor-element elementor-element-9c969ec\" data-id=\"9c969ec\" data-element_type=\"column\">\n\t\t\t<div class=\"elementor-widget-wrap elementor-element-populated\">\n\t\t\t\t\t\t<div class=\"elementor-element elementor-element-9ed4712 elementor-align-right elementor-fixed elementor-widget__width-auto elementor-widget elementor-widget-button\" data-id=\"9ed4712\" data-element_type=\"widget\" data-settings=\"{&quot;_position&quot;:&quot;fixed&quot;}\" data-widget_type=\"button.default\">\n\t\t\t\t<div class=\"elementor-widget-container\">\n\t\t\t\t\t<div class=\"elementor-button-wrapper\">\n\t\t\t<a class=\"elementor-button elementor-button-link elementor-size-xs\" href=\"#top\">\n\t\t\t\t\t\t<span class=\"elementor-button-content-wrapper\">\n\t\t\t\t\t\t<span class=\"elementor-button-icon elementor-align-icon-left\">\n\t\t\t\t<i aria-hidden=\"true\" class=\"far fa-arrow-alt-circle-up\"><\/i>\t\t\t<\/span>\n\t\t\t\t\t\t<span class=\"elementor-button-text\"><\/span>\n\t\t<\/span>\n\t\t\t\t\t<\/a>\n\t\t<\/div>\n\t\t\t\t<\/div>\n\t\t\t\t<\/div>\n\t\t\t\t\t<\/div>\n\t\t<\/div>\n\t\t\t\t\t<\/div>\n\t\t<\/section>\n\t\t\t\t<\/div>","protected":false},"excerpt":{"rendered":"<p>Farmacovigilancia y Tecnovigilancia En MK LAB S.A.C. la seguridad de los clientes es lo m\u00e1s importante. Actividades relacionadas con la detecci\u00f3n, evaluaci\u00f3n, comprensi\u00f3n y prevenci\u00f3n de los efectos adversos de los medicamentos o cualquier otro posible problema relacionado con ellos. Para cualquier consulta escribir a: Contacto Para notificar alg\u00fan evento adverso escribir a: \u2022 farmacovigilancia@mklab.pe [&hellip;]<\/p>","protected":false},"author":1,"featured_media":0,"parent":0,"menu_order":0,"comment_status":"closed","ping_status":"closed","template":"","meta":{"footnotes":""},"class_list":["post-969","page","type-page","status-publish","hentry"],"_links":{"self":[{"href":"https:\/\/www.mklab.pe\/en\/wp-json\/wp\/v2\/pages\/969","targetHints":{"allow":["GET"]}}],"collection":[{"href":"https:\/\/www.mklab.pe\/en\/wp-json\/wp\/v2\/pages"}],"about":[{"href":"https:\/\/www.mklab.pe\/en\/wp-json\/wp\/v2\/types\/page"}],"author":[{"embeddable":true,"href":"https:\/\/www.mklab.pe\/en\/wp-json\/wp\/v2\/users\/1"}],"replies":[{"embeddable":true,"href":"https:\/\/www.mklab.pe\/en\/wp-json\/wp\/v2\/comments?post=969"}],"version-history":[{"count":57,"href":"https:\/\/www.mklab.pe\/en\/wp-json\/wp\/v2\/pages\/969\/revisions"}],"predecessor-version":[{"id":2086,"href":"https:\/\/www.mklab.pe\/en\/wp-json\/wp\/v2\/pages\/969\/revisions\/2086"}],"wp:attachment":[{"href":"https:\/\/www.mklab.pe\/en\/wp-json\/wp\/v2\/media?parent=969"}],"curies":[{"name":"wp","href":"https:\/\/api.w.org\/{rel}","templated":true}]}}